{"id":132,"date":"2008-12-05T08:55:39","date_gmt":"2008-12-05T08:55:39","guid":{"rendered":"http:\/\/desarrollo.make.es\/eurojuris\/en\/?page_id=132"},"modified":"2020-04-11T07:14:49","modified_gmt":"2020-04-11T07:14:49","slug":"legal-notice","status":"publish","type":"page","link":"https:\/\/www.asociacion-eurojuris.es\/en\/legal-notice\/","title":{"rendered":"Legal Notice"},"content":{"rendered":"<p style=\"text-align: justify;\">1.- In accordance with the conditions of use, ASOCIACI\u00d3N EUROJURIS ESPA\u00d1A (hereinafter, EUROJURIS ESPA\u00d1A), regulates access to this website and the availability of the information found herein, on behalf of their clients and other users of the Internet.<\/p>\n<p style=\"text-align: justify;\">This website is a registered domain of EUROJURIS ESPA\u00d1A, address: C\/ Felipe IV, 8 Entlo. Izda. 28014 Madrid, Spain, Telephone: 915646432 \u2013 Fax: 915644617 \u2013 General Registry of Associations Group 1, Section 1, N\u00ba 172105 \u2013 Tax Identification n\u00ba G-84000504 \u2013 E-mail: <a href=\"mailto:info@asociacion-eurojuris.es\">info@asociacion-eurojuris.es<\/a>.<\/p>\n<p style=\"text-align: justify;\">2.- By virtue of the use of this website, the user confirms acceptance of these conditions of use without reservations.<\/p>\n<p style=\"text-align: justify;\">3.- The use of this website as well as the information contained herein is, in principle, free of charge, notwithstanding the fact that this situation could change, and if so EUROJURIS ESPA\u00d1A shall ensure to publish the new conditions of use on the web as quickly as possible.<\/p>\n<p style=\"text-align: justify;\">4.- The user must not use the website nor the information contained herein to carry out activities that go against the laws, morality, public order and, in general, must use the website in accordance with these conditions of use. Both access and information are the sole responsibility of the person carrying out the action. EUROJURIS ESPA\u00d1A is therefore not responsible for damages or losses that could incur from said access or use of information that are beyond their control.<\/p>\n<p style=\"text-align: justify;\">5.- EUROJURIS ESPA\u00d1A is not responsible for any errors in the contents or access to the website and will endeavour to ensure that these do not arise.<\/p>\n<p style=\"text-align: justify;\">EUROJURIS ESPA\u00d1A reserves the right to temporarily suspend, without the need for prior notice, the accessibility to its website, in order to carry out maintenance operations, repairs, updates or improvements.<\/p>\n<p style=\"text-align: justify;\">6.- All of the website contents (including without limitation, databases, images, drawings, graphics, text, audio, video) are the property of EUROJURIS ESPA\u00d1A and are protected by national or international regulations regarding intellectual and industrial property.<\/p>\n<p style=\"text-align: justify;\">EUROJURIS ESPA\u00d1A is the owner of the brands, credits, distinctive signs or logos that appear on the website. This also applies to the domain name <a href=\"http:\/\/www.asociacion-eurojuris.es\">www.asociacion-eurojuris.es<\/a>.<\/p>\n<p style=\"text-align: justify;\">All of the text, graphics, drawings, videos or audio support that are currently available or will be in the future on this website are the property of EUROJURIS ESPA\u00d1A and cannot be subject to ulterior modification, copying, alteration, reproduction, adaptation or translation by the user or third parties without authorisation from EUROJURIS ESPA\u00d1A.<\/p>\n<p style=\"text-align: justify;\">The unauthorised use of the information contained in this website, as well as the infringement of intellectual or industrial property rights will result in the legal liabilities established.<\/p>\n<p style=\"text-align: justify;\">7.- The establishment of any hyperlink on an external website, linking to any of the pages on the website of EUROJURIS ESPA\u00d1A will be subject to the following conditions:<\/p>\n<ul style=\"text-align: justify;\">\n<li>The complete or partial reproduction of any of the services contained in the website of EUROJURIS ESPA\u00d1A is not permitted<\/li>\n<li>Any false, inaccurate or incorrect statements regarding the pages of the website of EUROJURIS ESPA\u00d1A and its services shall not be included<\/li>\n<li>Under no circumstance shall EUROJURIS ESPA\u00d1A be responsible for the contents or services made available to the public on the website in which the hyperlink appears, nor for the information or statements included herein<\/li>\n<li>Any hyperlink to the website of EUROJURIS ESPA\u00d1A will lead to the homepage<\/li>\n<li>The hyperlinks found on the website of EUROJURIS ESPA\u00d1A have been previously consented to by the owners of the respective websites. Furthermore, EUROJURIS ESPA\u00d1A shall not be responsible for the misuse nor for activities carried out by the users on said hyperlinked pages that go against the law, morality or public order.<\/li>\n<\/ul>\n<h2 style=\"text-align: justify;\"><span style=\"color: #0000ff;\">8.- Privacy Policy and Data Protection<\/span><\/h2>\n<p style=\"text-align: justify;\">In order to use the services offered by <a href=\"http:\/\/www.asociacion-eurojuris.es\">www.asociacion-eurojuris.es<\/a>, users must first provide EUROJURIS ESPA\u00d1A with specific personal data. In accordance with that established by the Organic Law 15\/1999, of 13th December, of Personal Data Protection (LOPD in Spanish), the owner of the website, EUROJURIS ESPA\u00d1A, hereby informs the user of this website of the existence of an electronic personal data file created under the liability of EUROJURIS ESPA\u00d1A that is handled entirely confidentially and is not accessible to third parties for purposes different to those that have been requested.<\/p>\n<p style=\"text-align: justify;\">On his\/her part, the user guarantees that the personal data he\/she has provided to EUROJURIS ESPA\u00d1A is true and accurate and he\/she will communicate any changes that may arise in these.<\/p>\n<p style=\"text-align: justify;\">By sending personal data via electronic forms provided by EUROJURIS ESPA\u00d1A or, if applicable, via electronic mail to the contact E-mail address, the sender gives full consent to the electronic handling of his\/her data included in the services and products related to the purposes of the EUROJURIS ESPA\u00d1A website, as well as the electronic delivery of information (E-mail, SMS, or any other method with these characteristics) with information related to EUROJURIS ESPA\u00d1A and their initiatives.<\/p>\n<p style=\"text-align: justify;\">Furthermore, EUROJURIS ESPA\u00d1A declares that it will E-mail marketing information regarding other products, services and events that may be of interest to the website users when they have fully consented to the use of their E-mail addresses, in accordance with the current legislation on this matter. The user can unsubscribe from this service at any time.<\/p>\n<p style=\"text-align: justify;\">The purpose of the collection and electronic treatment of personal data is to maintain the contractual or commercial relationship established with EUROJURIS ESPA\u00d1A, the handling, administration, loan, broadening and improvement of services, the creation of new services, the delivery of service updates, delivery via traditional and electronic methods of technical, operative and commercial information relating to the current and future services offered by EUROJURIS ESPA\u00d1A, as well as the receipt of applications\u00a0in present and future selection processes.<\/p>\n<p style=\"text-align: justify;\">EUROJURIS ESPA\u00d1A has adopted the legally required personal data security and protection levels and will endeavour to install other technical mediums and measures to provide additional protection. However, the user should be aware that Internet security measures are not entirely secure.<\/p>\n<p style=\"text-align: justify;\">The user accepts the use of cookies and IP tracking, which are used to allow EUROJURIS ESPA\u00d1A to collect data for statistical information, such as: date of the first visit, number of visits, date of the last visit, URL and domain name, internet browser used and screen resolution. However, if the user wishes, he\/she can deactivate and\/or delete cookies by following his\/her Internet browser instructions.<\/p>\n<p style=\"text-align: justify;\">EUROJURIS ESPA\u00d1A does not send junk mail and will only handle the information provided by the user via electronic forms on the website or via E-mails.<\/p>\n<p style=\"text-align: justify;\">The owner of the data has the right to access the electronic file at any time, therefore exercising the right to correct, cancel and oppose the terms covered by the data protection law. Furthermore, the user can revoke his\/her consent to the handling and transfer of his\/her personal data at any time. For either of the two actions previously mentioned, the user can write to EUROJURIS ESPA\u00d1A at the address, Calle Conde de Aranda, 1 \u2013 2\u00ba Izq (28001 \u2013 Madrid), indicating \u201cData Protection\u201d as a reference and providing proof of his\/her identity.<\/p>\n<p style=\"text-align: justify;\">The handling of personal data, as well as the electronic delivery of marketing information, are in accordance with the Organic Law 15\/1999, of 13th December, of Personal Data Protection and Law 34\/2002, of 11th July, of the Information Society and Electronic Commerce services.<\/p>\n<p style=\"text-align: justify;\">9.- The conditions of use for this website are indefinite. EUROJURIS ESPA\u00d1A in all cases reserves the unilateral right to amend the conditions of access to the website as web as the contents of said website.<\/p>\n<p style=\"text-align: justify;\">10.- The loan of services from this website and these conditions of use are governed by Spanish Law. The parties, expressly renouncing any other jurisdiction that could apply to them, agree to submit themselves to the Courts and Tribunals of Madrid.<\/p>\n<p style=\"text-align: center;\"><strong><span style=\"color: #0000ff;\">**************************************<\/span><\/strong><\/p>\n<p style=\"text-align: justify;\"><span style=\"color: #0000ff;\">Advertising Cookie, Ads Personalization and Opting Out<\/span><\/p>\n<p style=\"text-align: justify;\">When you are accessing the web through a web browser, Google uses cookies to improve your online experience, including the display of more relevant ads. Learn more about how Google uses <a href=\"http:\/\/www.google.es\/privacy\/ads\/#toc-faq\">advertising cookies<\/a>.<\/p>\n<p style=\"text-align: justify;\">Anyone may opt out of the DoubleClick cookie (for AdSense partner sites, DoubleClick ad serving, and certain Google services using the DoubleClick cookie) at any time by clicking the button above. Google also offers a number of options to permanently save your opt-out settings in your browser. In addition, Google allows third party advertisers to serve ads on the Google Display Network. Using a tool created by the <a href=\"http:\/\/www.networkadvertising.org\/\">Network Advertising Initiative<\/a>, you can opt out of several third party ad servers\u2019 and networks\u2019 cookies simultaneously (Google also uses cookies for Google Analytics and conversion tracking)<\/p>\n<p style=\"text-align: justify;\">To serve ads in applications and other clients where cookie technology is not available, we have engineered an anonymous ID by associating your device ID with a random, anonymous string of characters. You may choose to reset or opt out of anonymous IDs at any time. If you choose to reset, we will associate your device identifier with a new anonymous ID. If you choose to opt out, ads delivered to your application or other client by our ad-serving technology will not be served based on an anonymous ID. Read more about device specific preference managers: <a href=\"http:\/\/www.google.es\/intl\/en\/privacy\/ads\/\">http:\/\/www.google.es\/intl\/en\/privacy\/ads\/.<\/a><\/p>\n","protected":false},"excerpt":{"rendered":"<p>1.- In accordance with the conditions of use, ASOCIACI\u00d3N EUROJURIS ESPA\u00d1A (hereinafter, EUROJURIS ESPA\u00d1A), regulates access to this website and the availability of the information found herein, on behalf of their clients and other users of the Internet. This website is a registered domain of EUROJURIS ESPA\u00d1A, address: C\/ Felipe IV, 8 Entlo. Izda. 28014 [&hellip;]<\/p>\n","protected":false},"author":1,"featured_media":0,"parent":0,"menu_order":9,"comment_status":"closed","ping_status":"closed","template":"","meta":{"footnotes":""},"class_list":["post-132","page","type-page","status-publish","hentry"],"yoast_head":"<!-- This site is optimized with the Yoast SEO plugin v27.5 - https:\/\/yoast.com\/product\/yoast-seo-wordpress\/ -->\n<title>Legal notice - Eurojuris Espa\u00f1a, network of law firms in Spain<\/title>\n<meta name=\"description\" content=\"The use of this website as well as its information is free of charge.EUROJURIS ESPA\u00d1A shall ensure to publish the new conditions of use in case of change.\" \/>\n<meta name=\"robots\" content=\"index, follow, max-snippet:-1, max-image-preview:large, max-video-preview:-1\" \/>\n<link rel=\"canonical\" href=\"https:\/\/www.asociacion-eurojuris.es\/en\/legal-notice\/\" \/>\n<meta property=\"og:locale\" content=\"en_US\" \/>\n<meta property=\"og:type\" content=\"article\" \/>\n<meta property=\"og:title\" content=\"Legal notice - Eurojuris Espa\u00f1a, network of law firms in Spain\" \/>\n<meta property=\"og:description\" content=\"The use of this website as well as its information is free of charge.EUROJURIS ESPA\u00d1A shall ensure to publish the new conditions of use in case of change.\" \/>\n<meta property=\"og:url\" content=\"https:\/\/www.asociacion-eurojuris.es\/en\/legal-notice\/\" \/>\n<meta property=\"og:site_name\" content=\"Eurojuris Espa\u00f1a\" \/>\n<meta property=\"article:modified_time\" content=\"2020-04-11T07:14:49+00:00\" \/>\n<meta name=\"twitter:card\" content=\"summary_large_image\" \/>\n<meta name=\"twitter:label1\" content=\"Est. reading time\" \/>\n\t<meta name=\"twitter:data1\" content=\"8 minutes\" \/>\n<script type=\"application\/ld+json\" class=\"yoast-schema-graph\">{\"@context\":\"https:\\\/\\\/schema.org\",\"@graph\":[{\"@type\":\"WebPage\",\"@id\":\"https:\\\/\\\/www.asociacion-eurojuris.es\\\/en\\\/legal-notice\\\/\",\"url\":\"https:\\\/\\\/www.asociacion-eurojuris.es\\\/en\\\/legal-notice\\\/\",\"name\":\"Legal notice - Eurojuris Espa\u00f1a, network of law firms in Spain\",\"isPartOf\":{\"@id\":\"https:\\\/\\\/www.asociacion-eurojuris.es\\\/en\\\/#website\"},\"datePublished\":\"2008-12-05T08:55:39+00:00\",\"dateModified\":\"2020-04-11T07:14:49+00:00\",\"description\":\"The use of this website as well as its information is free of charge.EUROJURIS ESPA\u00d1A shall ensure to publish the new conditions of use in case of change.\",\"breadcrumb\":{\"@id\":\"https:\\\/\\\/www.asociacion-eurojuris.es\\\/en\\\/legal-notice\\\/#breadcrumb\"},\"inLanguage\":\"en-US\",\"potentialAction\":[{\"@type\":\"ReadAction\",\"target\":[\"https:\\\/\\\/www.asociacion-eurojuris.es\\\/en\\\/legal-notice\\\/\"]}]},{\"@type\":\"BreadcrumbList\",\"@id\":\"https:\\\/\\\/www.asociacion-eurojuris.es\\\/en\\\/legal-notice\\\/#breadcrumb\",\"itemListElement\":[{\"@type\":\"ListItem\",\"position\":1,\"name\":\"Home\",\"item\":\"https:\\\/\\\/www.asociacion-eurojuris.es\\\/en\\\/\"},{\"@type\":\"ListItem\",\"position\":2,\"name\":\"Legal Notice\"}]},{\"@type\":\"WebSite\",\"@id\":\"https:\\\/\\\/www.asociacion-eurojuris.es\\\/en\\\/#website\",\"url\":\"https:\\\/\\\/www.asociacion-eurojuris.es\\\/en\\\/\",\"name\":\"Eurojuris Espa\u00f1a\",\"description\":\"Despachos abogados\",\"potentialAction\":[{\"@type\":\"SearchAction\",\"target\":{\"@type\":\"EntryPoint\",\"urlTemplate\":\"https:\\\/\\\/www.asociacion-eurojuris.es\\\/en\\\/?s={search_term_string}\"},\"query-input\":{\"@type\":\"PropertyValueSpecification\",\"valueRequired\":true,\"valueName\":\"search_term_string\"}}],\"inLanguage\":\"en-US\"}]}<\/script>\n<!-- \/ Yoast SEO plugin. -->","yoast_head_json":{"title":"Legal notice - Eurojuris Espa\u00f1a, network of law firms in Spain","description":"The use of this website as well as its information is free of charge.EUROJURIS ESPA\u00d1A shall ensure to publish the new conditions of use in case of change.","robots":{"index":"index","follow":"follow","max-snippet":"max-snippet:-1","max-image-preview":"max-image-preview:large","max-video-preview":"max-video-preview:-1"},"canonical":"https:\/\/www.asociacion-eurojuris.es\/en\/legal-notice\/","og_locale":"en_US","og_type":"article","og_title":"Legal notice - Eurojuris Espa\u00f1a, network of law firms in Spain","og_description":"The use of this website as well as its information is free of charge.EUROJURIS ESPA\u00d1A shall ensure to publish the new conditions of use in case of change.","og_url":"https:\/\/www.asociacion-eurojuris.es\/en\/legal-notice\/","og_site_name":"Eurojuris Espa\u00f1a","article_modified_time":"2020-04-11T07:14:49+00:00","twitter_card":"summary_large_image","twitter_misc":{"Est. reading time":"8 minutes"},"schema":{"@context":"https:\/\/schema.org","@graph":[{"@type":"WebPage","@id":"https:\/\/www.asociacion-eurojuris.es\/en\/legal-notice\/","url":"https:\/\/www.asociacion-eurojuris.es\/en\/legal-notice\/","name":"Legal notice - Eurojuris Espa\u00f1a, network of law firms in Spain","isPartOf":{"@id":"https:\/\/www.asociacion-eurojuris.es\/en\/#website"},"datePublished":"2008-12-05T08:55:39+00:00","dateModified":"2020-04-11T07:14:49+00:00","description":"The use of this website as well as its information is free of charge.EUROJURIS ESPA\u00d1A shall ensure to publish the new conditions of use in case of change.","breadcrumb":{"@id":"https:\/\/www.asociacion-eurojuris.es\/en\/legal-notice\/#breadcrumb"},"inLanguage":"en-US","potentialAction":[{"@type":"ReadAction","target":["https:\/\/www.asociacion-eurojuris.es\/en\/legal-notice\/"]}]},{"@type":"BreadcrumbList","@id":"https:\/\/www.asociacion-eurojuris.es\/en\/legal-notice\/#breadcrumb","itemListElement":[{"@type":"ListItem","position":1,"name":"Home","item":"https:\/\/www.asociacion-eurojuris.es\/en\/"},{"@type":"ListItem","position":2,"name":"Legal Notice"}]},{"@type":"WebSite","@id":"https:\/\/www.asociacion-eurojuris.es\/en\/#website","url":"https:\/\/www.asociacion-eurojuris.es\/en\/","name":"Eurojuris Espa\u00f1a","description":"Despachos abogados","potentialAction":[{"@type":"SearchAction","target":{"@type":"EntryPoint","urlTemplate":"https:\/\/www.asociacion-eurojuris.es\/en\/?s={search_term_string}"},"query-input":{"@type":"PropertyValueSpecification","valueRequired":true,"valueName":"search_term_string"}}],"inLanguage":"en-US"}]}},"_links":{"self":[{"href":"https:\/\/www.asociacion-eurojuris.es\/en\/wp-json\/wp\/v2\/pages\/132","targetHints":{"allow":["GET"]}}],"collection":[{"href":"https:\/\/www.asociacion-eurojuris.es\/en\/wp-json\/wp\/v2\/pages"}],"about":[{"href":"https:\/\/www.asociacion-eurojuris.es\/en\/wp-json\/wp\/v2\/types\/page"}],"author":[{"embeddable":true,"href":"https:\/\/www.asociacion-eurojuris.es\/en\/wp-json\/wp\/v2\/users\/1"}],"replies":[{"embeddable":true,"href":"https:\/\/www.asociacion-eurojuris.es\/en\/wp-json\/wp\/v2\/comments?post=132"}],"version-history":[{"count":10,"href":"https:\/\/www.asociacion-eurojuris.es\/en\/wp-json\/wp\/v2\/pages\/132\/revisions"}],"predecessor-version":[{"id":6200,"href":"https:\/\/www.asociacion-eurojuris.es\/en\/wp-json\/wp\/v2\/pages\/132\/revisions\/6200"}],"wp:attachment":[{"href":"https:\/\/www.asociacion-eurojuris.es\/en\/wp-json\/wp\/v2\/media?parent=132"}],"curies":[{"name":"wp","href":"https:\/\/api.w.org\/{rel}","templated":true}]}}