{"id":18,"date":"2008-05-19T12:57:36","date_gmt":"2008-05-19T12:57:36","guid":{"rendered":"http:\/\/desarrollo.make.es\/eurojuris\/en\/?page_id=18"},"modified":"2020-04-11T07:14:30","modified_gmt":"2020-04-11T07:14:30","slug":"junta-directiva","status":"publish","type":"page","link":"http:\/\/www.asociacion-eurojuris.es\/en\/spanish-network-lawyers-spain\/junta-directiva\/","title":{"rendered":"Board of Directors"},"content":{"rendered":"<p>You will find hereafter the members of <span style=\"color: #000080;\"><strong>Eurojuris Espa\u00f1a&#8217;s<\/strong><\/span> Board of Directors:<\/p>\n<p><strong><span style=\"color: #c2640b;\">Enrique Delgado Schwarzmann\u00a0&#8211; Chairman<\/span><\/strong><\/p>\n<p><strong><a title=\"Delgado Schwarzmann - Vila Clavero y Asociados, Spanish Law Firm in M\u00e1laga - Spain\" href=\"http:\/\/www.delgado-vila.com\/enlaces\/ingles\/index.html\" target=\"_blank\" rel=\"noopener noreferrer\">Delgado Schwarzmann &#8211; Vila Clavero y Asociados <\/a><\/strong><br \/>\nUrb. El Recreo III, 1\u00ba C<br \/>\n29793 Torrox-Costa &#8211; M\u00c1LAGA<br \/>\nTel. +34 952 53 10 92 &#8211; Fax +34 952 53 04 00<\/p>\n<p>E-mail: <a href=\"mailto:info@delgado-vila.com\">info@delgado-vila.com<\/a><br \/>\nWeb: <a title=\"Delgado Schwarzmann - Vila Clavero y Asociados, Spanish Law Firm in M\u00e1laga - Spain\" href=\"http:\/\/www.delgado-vila.com\" target=\"_blank\" rel=\"noopener noreferrer\">www.delgado-vila.com<\/a><\/p>\n<p>&nbsp;<\/p>\n<p><strong><span style=\"color: #c2640b;\">Esteban Arriaga Medina &#8211; Vice-Chairman<\/span><\/strong><br \/>\n<strong><span style=\"color: #c2640b;\"><span style=\"color: #000080;\"><a title=\"Esteban Arriaga Abogados - Spanish Law Firm in M\u00e1laga - Spain\" href=\"http:\/\/www.arriaga-abogados.es\/\" target=\"_blank\" rel=\"noopener noreferrer\">Esteban Arriaga Abogados<\/a><\/span><br \/>\n<\/span><\/strong><br \/>\nEdificio Fuengirola Center, 30<br \/>\n29640 Fuengirola &#8211; M\u00c1LAGA<br \/>\nTel +34 952 46 25 46 &#8211; Fax +34 952 46 27 92<\/p>\n<p>E-mail: <a href=\"mailto:general@arriaga-abogados.com\">general@arriaga-abogados.com<\/a><br \/>\nWeb: <a title=\"Esteban Arriaga Abogados, Spanish Law Firm in M\u00e1laga - Spain\" href=\"http:\/\/www.arriaga-abogados.com\" target=\"_blank\" rel=\"noopener noreferrer\">www.arriaga-abogados.com<\/a><\/p>\n<p><span style=\"color: #c2640b;\"><strong>Antonio Vargas Vilardosa &#8211; Secretary<\/strong><\/span><br \/>\n<span style=\"color: #c2640b;\"><span style=\"color: #000080;\"><strong><a title=\"Vargas Vilardosa Abogados - Spanis Law Firm in Zaragoza - Spain\" href=\"http:\/\/www.vargasvilardosa.com\/\" target=\"_blank\" rel=\"noopener noreferrer\">Vargas Vilardosa Abogados<\/a><\/strong><\/span><br \/>\n<\/span><br \/>\nPlaza de Espa\u00f1a, 6 &#8211; 2\u00ba A<br \/>\n50001 Zaragoza &#8211; ZARAGOZA<br \/>\nTel +34 976 43 34 73 &#8211; Fax +34 976 28 55 16<\/p>\n<p>E-mail: <a href=\"mailto:avargas@vargasvilardosa.com\"><span style=\"color: #07076c;\">avargas@vargasvilardosa.com<\/span><\/a><br \/>\nWeb: <a title=\"Vargas Vilardosa Abogados, Spanish Law Firm in Zaragoza - Spain\" href=\"http:\/\/www.vargasvilardosa.com\" target=\"_blank\" rel=\"noopener noreferrer\"><span style=\"color: #07076c;\">www.vargasvilardosa.com<\/span><\/a><\/p>\n<p><strong>Francisco Olid Go\u00f1i \u2013 Treasurer<\/strong><br \/>\nAvda. San Francisco Javier, 9 \u2013 Edif. Sevilla 2 \u2013 5\u00aa P\u00aa \u2013 Mod 22<br \/>\n41018 Sevilla<br \/>\nWeb: <a title=\"Abogado Recomendado en Sevilla - Espa\u00f1a\" href=\"http:\/\/www.olidabogados.es\/\" target=\"_blank\" rel=\"noopener noreferrer\">www.olidabogados.es<\/a><\/p>\n<p><strong>Fernando Armend\u00e1riz \u2013 Vocal<\/strong><br \/>\nPaseo Sarasate, 5 \u2013 1\u00ba Dcha.<br \/>\n31002 Pamplona<br \/>\nWeb: <a title=\"Abogado Recomendado en Pamplona - Espa\u00f1a\" href=\"http:\/\/www.arpa.es\/\" target=\"_blank\" rel=\"noopener noreferrer\">www.arpa.es<\/a><\/p>\n<p>&nbsp;<\/p>\n<p><span style=\"color: #c2640b;\"><span style=\"color: #000000;\">The<\/span><strong> <span style=\"color: #000080;\">Eurojuris Espa\u00f1a<\/span><\/strong><strong>\u00a0headquarters<\/strong><span style=\"color: #000000;\">\u00a0are located in\u00a0Madrid :<\/span><\/span><\/p>\n<p>E-mail: <a href=\"mailto:info@asociacion-eurojuris.es\">info@asociacion-eurojuris.es<\/a><\/p>\n<p>Web: <a title=\"Eurojuris Espa\u00f1a, Association of Spanish Law Firms\" href=\"http:\/\/www.asociacion-eurojuris.es\" target=\"_blank\" rel=\"noopener noreferrer\">www.asociacion-eurojuris.es<\/a><\/p>\n","protected":false},"excerpt":{"rendered":"<p>You will find hereafter the members of Eurojuris Espa\u00f1a&#8217;s Board of Directors: Enrique Delgado Schwarzmann\u00a0&#8211; Chairman Delgado Schwarzmann &#8211; Vila Clavero y Asociados Urb. El Recreo III, 1\u00ba C 29793 Torrox-Costa &#8211; M\u00c1LAGA Tel. +34 952 53 10 92 &#8211; Fax +34 952 53 04 00 E-mail: info@delgado-vila.com Web: www.delgado-vila.com &nbsp; Esteban Arriaga Medina &#8211; [&hellip;]<\/p>\n","protected":false},"author":2,"featured_media":0,"parent":4,"menu_order":1,"comment_status":"closed","ping_status":"closed","template":"","meta":{"footnotes":""},"class_list":["post-18","page","type-page","status-publish","hentry"],"yoast_head":"<!-- This site is optimized with the Yoast SEO plugin v27.6 - https:\/\/yoast.com\/product\/yoast-seo-wordpress\/ -->\n<title>Eurojuris Espa\u00f1a&#039;s board of directors -Eurojuris Espa\u00f1a<\/title>\n<meta name=\"description\" content=\"Board of directors of Eurojuris Espa\u00f1a, spanish association of international law firms.\" \/>\n<meta name=\"robots\" content=\"index, follow, max-snippet:-1, max-image-preview:large, max-video-preview:-1\" \/>\n<link rel=\"canonical\" href=\"http:\/\/www.asociacion-eurojuris.es\/en\/spanish-network-lawyers-spain\/junta-directiva\/\" \/>\n<meta property=\"og:locale\" content=\"en_US\" \/>\n<meta property=\"og:type\" content=\"article\" \/>\n<meta property=\"og:title\" content=\"Eurojuris Espa\u00f1a&#039;s board of directors -Eurojuris Espa\u00f1a\" \/>\n<meta property=\"og:description\" content=\"Board of directors of Eurojuris Espa\u00f1a, spanish association of international law firms.\" \/>\n<meta property=\"og:url\" content=\"http:\/\/www.asociacion-eurojuris.es\/en\/spanish-network-lawyers-spain\/junta-directiva\/\" \/>\n<meta property=\"og:site_name\" content=\"Eurojuris Espa\u00f1a\" \/>\n<meta property=\"article:modified_time\" content=\"2020-04-11T07:14:30+00:00\" \/>\n<meta name=\"twitter:card\" content=\"summary_large_image\" \/>\n<meta name=\"twitter:label1\" content=\"Est. reading time\" \/>\n\t<meta name=\"twitter:data1\" content=\"1 minute\" \/>\n<script type=\"application\/ld+json\" class=\"yoast-schema-graph\">{\"@context\":\"https:\\\/\\\/schema.org\",\"@graph\":[{\"@type\":\"WebPage\",\"@id\":\"http:\\\/\\\/www.asociacion-eurojuris.es\\\/en\\\/spanish-network-lawyers-spain\\\/junta-directiva\\\/\",\"url\":\"http:\\\/\\\/www.asociacion-eurojuris.es\\\/en\\\/spanish-network-lawyers-spain\\\/junta-directiva\\\/\",\"name\":\"Eurojuris Espa\u00f1a's board of directors -Eurojuris Espa\u00f1a\",\"isPartOf\":{\"@id\":\"http:\\\/\\\/www.asociacion-eurojuris.es\\\/en\\\/#website\"},\"datePublished\":\"2008-05-19T12:57:36+00:00\",\"dateModified\":\"2020-04-11T07:14:30+00:00\",\"description\":\"Board of directors of Eurojuris Espa\u00f1a, spanish association of international law firms.\",\"breadcrumb\":{\"@id\":\"http:\\\/\\\/www.asociacion-eurojuris.es\\\/en\\\/spanish-network-lawyers-spain\\\/junta-directiva\\\/#breadcrumb\"},\"inLanguage\":\"en-US\",\"potentialAction\":[{\"@type\":\"ReadAction\",\"target\":[\"http:\\\/\\\/www.asociacion-eurojuris.es\\\/en\\\/spanish-network-lawyers-spain\\\/junta-directiva\\\/\"]}]},{\"@type\":\"BreadcrumbList\",\"@id\":\"http:\\\/\\\/www.asociacion-eurojuris.es\\\/en\\\/spanish-network-lawyers-spain\\\/junta-directiva\\\/#breadcrumb\",\"itemListElement\":[{\"@type\":\"ListItem\",\"position\":1,\"name\":\"Home\",\"item\":\"http:\\\/\\\/www.asociacion-eurojuris.es\\\/en\\\/\"},{\"@type\":\"ListItem\",\"position\":2,\"name\":\"About us\",\"item\":\"http:\\\/\\\/www.asociacion-eurojuris.es\\\/en\\\/spanish-network-lawyers-spain\\\/\"},{\"@type\":\"ListItem\",\"position\":3,\"name\":\"Board of Directors\"}]},{\"@type\":\"WebSite\",\"@id\":\"http:\\\/\\\/www.asociacion-eurojuris.es\\\/en\\\/#website\",\"url\":\"http:\\\/\\\/www.asociacion-eurojuris.es\\\/en\\\/\",\"name\":\"Eurojuris Espa\u00f1a\",\"description\":\"Despachos abogados\",\"potentialAction\":[{\"@type\":\"SearchAction\",\"target\":{\"@type\":\"EntryPoint\",\"urlTemplate\":\"http:\\\/\\\/www.asociacion-eurojuris.es\\\/en\\\/?s={search_term_string}\"},\"query-input\":{\"@type\":\"PropertyValueSpecification\",\"valueRequired\":true,\"valueName\":\"search_term_string\"}}],\"inLanguage\":\"en-US\"}]}<\/script>\n<!-- \/ Yoast SEO plugin. -->","yoast_head_json":{"title":"Eurojuris Espa\u00f1a's board of directors -Eurojuris Espa\u00f1a","description":"Board of directors of Eurojuris Espa\u00f1a, spanish association of international law firms.","robots":{"index":"index","follow":"follow","max-snippet":"max-snippet:-1","max-image-preview":"max-image-preview:large","max-video-preview":"max-video-preview:-1"},"canonical":"http:\/\/www.asociacion-eurojuris.es\/en\/spanish-network-lawyers-spain\/junta-directiva\/","og_locale":"en_US","og_type":"article","og_title":"Eurojuris Espa\u00f1a's board of directors -Eurojuris Espa\u00f1a","og_description":"Board of directors of Eurojuris Espa\u00f1a, spanish association of international law firms.","og_url":"http:\/\/www.asociacion-eurojuris.es\/en\/spanish-network-lawyers-spain\/junta-directiva\/","og_site_name":"Eurojuris Espa\u00f1a","article_modified_time":"2020-04-11T07:14:30+00:00","twitter_card":"summary_large_image","twitter_misc":{"Est. reading time":"1 minute"},"schema":{"@context":"https:\/\/schema.org","@graph":[{"@type":"WebPage","@id":"http:\/\/www.asociacion-eurojuris.es\/en\/spanish-network-lawyers-spain\/junta-directiva\/","url":"http:\/\/www.asociacion-eurojuris.es\/en\/spanish-network-lawyers-spain\/junta-directiva\/","name":"Eurojuris Espa\u00f1a's board of directors -Eurojuris Espa\u00f1a","isPartOf":{"@id":"http:\/\/www.asociacion-eurojuris.es\/en\/#website"},"datePublished":"2008-05-19T12:57:36+00:00","dateModified":"2020-04-11T07:14:30+00:00","description":"Board of directors of Eurojuris Espa\u00f1a, spanish association of international law firms.","breadcrumb":{"@id":"http:\/\/www.asociacion-eurojuris.es\/en\/spanish-network-lawyers-spain\/junta-directiva\/#breadcrumb"},"inLanguage":"en-US","potentialAction":[{"@type":"ReadAction","target":["http:\/\/www.asociacion-eurojuris.es\/en\/spanish-network-lawyers-spain\/junta-directiva\/"]}]},{"@type":"BreadcrumbList","@id":"http:\/\/www.asociacion-eurojuris.es\/en\/spanish-network-lawyers-spain\/junta-directiva\/#breadcrumb","itemListElement":[{"@type":"ListItem","position":1,"name":"Home","item":"http:\/\/www.asociacion-eurojuris.es\/en\/"},{"@type":"ListItem","position":2,"name":"About us","item":"http:\/\/www.asociacion-eurojuris.es\/en\/spanish-network-lawyers-spain\/"},{"@type":"ListItem","position":3,"name":"Board of Directors"}]},{"@type":"WebSite","@id":"http:\/\/www.asociacion-eurojuris.es\/en\/#website","url":"http:\/\/www.asociacion-eurojuris.es\/en\/","name":"Eurojuris Espa\u00f1a","description":"Despachos abogados","potentialAction":[{"@type":"SearchAction","target":{"@type":"EntryPoint","urlTemplate":"http:\/\/www.asociacion-eurojuris.es\/en\/?s={search_term_string}"},"query-input":{"@type":"PropertyValueSpecification","valueRequired":true,"valueName":"search_term_string"}}],"inLanguage":"en-US"}]}},"_links":{"self":[{"href":"http:\/\/www.asociacion-eurojuris.es\/en\/wp-json\/wp\/v2\/pages\/18","targetHints":{"allow":["GET"]}}],"collection":[{"href":"http:\/\/www.asociacion-eurojuris.es\/en\/wp-json\/wp\/v2\/pages"}],"about":[{"href":"http:\/\/www.asociacion-eurojuris.es\/en\/wp-json\/wp\/v2\/types\/page"}],"author":[{"embeddable":true,"href":"http:\/\/www.asociacion-eurojuris.es\/en\/wp-json\/wp\/v2\/users\/2"}],"replies":[{"embeddable":true,"href":"http:\/\/www.asociacion-eurojuris.es\/en\/wp-json\/wp\/v2\/comments?post=18"}],"version-history":[{"count":21,"href":"http:\/\/www.asociacion-eurojuris.es\/en\/wp-json\/wp\/v2\/pages\/18\/revisions"}],"predecessor-version":[{"id":6668,"href":"http:\/\/www.asociacion-eurojuris.es\/en\/wp-json\/wp\/v2\/pages\/18\/revisions\/6668"}],"up":[{"embeddable":true,"href":"http:\/\/www.asociacion-eurojuris.es\/en\/wp-json\/wp\/v2\/pages\/4"}],"wp:attachment":[{"href":"http:\/\/www.asociacion-eurojuris.es\/en\/wp-json\/wp\/v2\/media?parent=18"}],"curies":[{"name":"wp","href":"https:\/\/api.w.org\/{rel}","templated":true}]}}